{"id":79,"date":"2016-02-12T12:33:48","date_gmt":"2016-02-12T12:33:48","guid":{"rendered":"http:\/\/new.icarus-manteniment.com\/?page_id=79"},"modified":"2021-11-22T12:24:29","modified_gmt":"2021-11-22T11:24:29","slug":"contact","status":"publish","type":"page","link":"https:\/\/www.icarus-manteniment.com\/en\/contact\/","title":{"rendered":"Contact"},"content":{"rendered":"<div class=\"contacto\">\n<h3 style=\"text-align: left !important;\">Icarus Maintenance<\/h3>\n<p><i class=\"fa fa-phone fa-lg\"><\/i> <a href=\"tel:937304911\">(+34) \u00a0937 304 911<\/a><\/p>\n<p><i class=\"fa fa-home fa-lg\"><\/i> Teresa Vil\u00e0 Heliport<br \/>\n08231 Ullastrell (Barcelona)<br \/>\n<a href=\"https:\/\/www.google.es\/maps\/dir\/41.52694,1.9692147\/Cam%C3%AD+de+Can+Palet,+08231+Ullastrell,+Barcelona\/@41.5247552,1.9347108,13z\/data=!4m8!4m7!1m0!1m5!1m1!1s0x12a48d95365d76f3:0xf612d72bf43875c8!2m2!1d1.9697301!2d41.5247605\" target=\"_blank\" rel=\"noopener\">See map<\/a><\/p>\n<p><i class=\"fa fa-envelope\"><\/i><a href=\"mailto:info@icarus-manteniment.com\"> info@icarus-manteniment.com<\/a><\/p>\n<p><strong>NIF<\/strong>\u00a0 B64294838<\/p>\n<hr \/>\n<h4 style=\"padding-top: 10px; padding-bottom: 5px; font-size: 20px;\">Maintenance Manager and Certifying Technician<\/h4>\n<p>John Hail<br \/>\n<i class=\"fa fa-envelope\"><\/i><a href=\"mailto:grani@icarus-manteniment.com\"> grani@icarus-manteniment.com<\/a><\/p>\n<h4 style=\"padding-top: 10px; padding-bottom: 5px; font-size: 20px;\">CAMO<\/h4>\n<p>Sergi Olle<br \/>\n<i class=\"fa fa-envelope\"><\/i> <a href=\"mailto:otecnica@helipistas.com\">otecnica@helipistas.com<\/a><\/p>\n<h4 style=\"padding-top: 10px; padding-bottom: 5px; font-size: 20px;\">Maintenance technician<\/h4>\n<p>Albert Petanas<br \/>\n<i class=\"fa fa-envelope\"><\/i><a href=\"mailto:albert@icarus-manteniment.com\"> albert@icarus-manteniment.com<\/a><\/p>\n<\/div>\n<h4 class=\"contacto\">CONTACT US<\/h4>\n<div class=\"contacto\">\n<div class=\"wpcf7 no-js\" id=\"wpcf7-f131-o1\" lang=\"es-ES\" dir=\"ltr\" data-wpcf7-id=\"131\">\n<div class=\"screen-reader-response\"><p role=\"status\" aria-live=\"polite\" aria-atomic=\"true\"><\/p> <ul><\/ul><\/div>\n<form action=\"\/en\/wp-json\/wp\/v2\/pages\/79#wpcf7-f131-o1\" method=\"post\" class=\"wpcf7-form init\" aria-label=\"Contact Form\" enctype=\"multipart\/form-data\" novalidate=\"novalidate\" data-status=\"init\" data-trp-original-action=\"\/en\/wp-json\/wp\/v2\/pages\/79#wpcf7-f131-o1\">\n<fieldset class=\"hidden-fields-container\"><input type=\"hidden\" name=\"_wpcf7\" value=\"131\" \/><input type=\"hidden\" name=\"_wpcf7_version\" value=\"6.1.5\" \/><input type=\"hidden\" name=\"_wpcf7_locale\" value=\"es_ES\" \/><input type=\"hidden\" name=\"_wpcf7_unit_tag\" value=\"wpcf7-f131-o1\" \/><input type=\"hidden\" name=\"_wpcf7_container_post\" value=\"0\" \/><input type=\"hidden\" name=\"_wpcf7_posted_data_hash\" value=\"\" \/><input type=\"hidden\" name=\"_wpcf7_recaptcha_response\" value=\"\" \/>\n<\/fieldset>\n<p>Name\n<\/p>\n<p><span class=\"wpcf7-form-control-wrap\" data-name=\"your-name\"><input size=\"40\" maxlength=\"400\" class=\"wpcf7-form-control wpcf7-text wpcf7-validates-as-required\" aria-required=\"true\" aria-invalid=\"false\" value=\"\" type=\"text\" name=\"your-name\" \/><\/span>\n<\/p>\n<p>Email\n<\/p>\n<p><span class=\"wpcf7-form-control-wrap\" data-name=\"your-email\"><input size=\"40\" maxlength=\"400\" class=\"wpcf7-form-control wpcf7-email wpcf7-validates-as-required wpcf7-text wpcf7-validates-as-email\" aria-required=\"true\" aria-invalid=\"false\" value=\"\" type=\"email\" name=\"your-email\" \/><\/span>\n<\/p>\n<p>Affair\n<\/p>\n<p><span class=\"wpcf7-form-control-wrap\" data-name=\"your-subject\"><input size=\"40\" maxlength=\"400\" class=\"wpcf7-form-control wpcf7-text wpcf7-validates-as-required\" aria-required=\"true\" aria-invalid=\"false\" value=\"\" type=\"text\" name=\"your-subject\" \/><\/span>\n<\/p>\n<p>Message\n<\/p>\n<p><span class=\"wpcf7-form-control-wrap\" data-name=\"your-message\"><textarea cols=\"40\" rows=\"10\" maxlength=\"2000\" class=\"wpcf7-form-control wpcf7-textarea wpcf7-validates-as-required\" aria-required=\"true\" aria-invalid=\"false\" name=\"your-message\"><\/textarea><\/span>\n<\/p>\n<p><span class=\"wpcf7-form-control-wrap\" data-name=\"file-781\"><input size=\"40\" class=\"wpcf7-form-control wpcf7-file\" accept=\".pdf,.jpg,.png\" aria-invalid=\"false\" type=\"file\" name=\"file-781\" \/><\/span><br \/>\n<i>*Accepted formats: pdf, jpg, png.<\/i>\n<\/p>\n<p><span class=\"wpcf7-form-control-wrap\" data-name=\"LeydeProteccindedatos\"><span class=\"wpcf7-form-control wpcf7-checkbox wpcf7-validates-as-required\"><span class=\"wpcf7-list-item first last\"><input type=\"checkbox\" name=\"LeydeProteccindedatos[]\" value=\"ACEPTO. Seg\u00fan lo establecido el 25 de mayo de 2018 en el Reglamento General de Protecci\u00f3n de Datos (RGPD), acepto la inclusi\u00f3n de mis datos (nombre, tel\u00e9fono y correo electr\u00f3nico) en un fichero del que es titular Icarus Mantenimenet, y que los mismos sean empleados para ofrecer los servicios en los que est\u00e9 interesado previo requerimiento suyo, a la vez que se utilizar\u00e1n para el env\u00edo de noticias y novedades de la empresa v\u00eda e-mail. Tambi\u00e9n le informamos de que su correo electr\u00f3nico y nombre nunca ser\u00e1n cedidos. Asimismo, declaro estar informado sobre los derechos de acceso rectificaci\u00f3n, cancelaci\u00f3n y oposici\u00f3n que podr\u00e9 ejercitar en el domicilio de Icarus Manteniment a ctra. de Ullastrell s\/n (Barcelona) o bien enviando un mensaje a la direcci\u00f3n de correo electr\u00f3nico info@icarus-manteniment.com.\" \/><span class=\"wpcf7-list-item-label\">I AGREE. As established on May 25, 2018 in the General Data Protection Regulation (GDPR), I accept the inclusion of my data (name, telephone number and email) in a file owned by Icarus Mantenimenet, and that they are employees to offer the services in which you are interested upon your request, at the same time that they will be used to send news and updates about the company via e-mail. We also inform you that your email and name will never be transferred. Likewise, I declare that I am informed about the rights of access, rectification, cancellation and opposition that I may exercise at the address of Icarus Manteniment a ctra. de Ullastrell s\/n (Barcelona) or by sending a message to the email address info@icarus-manteniment.com.<\/span><\/span><\/span><\/span><br \/>\n<div id=\"cf7sr-6a047196a7485\" class=\"cf7sr-g-recaptcha\" data-theme=\"light\" data-type=\"image\" data-size=\"normal\" data-sitekey=\"6Lcs1IoUAAAAAEYGAVm1hXN3tP-sjEVdae_qh6cv\"><\/div><span class=\"wpcf7-form-control-wrap cf7sr-recaptcha\" data-name=\"cf7sr-recaptcha\"><input type=\"hidden\" name=\"cf7sr-recaptcha\" value=\"\" class=\"wpcf7-form-control\"><\/span>\n<\/p>\n<p><input class=\"wpcf7-form-control wpcf7-submit has-spinner\" type=\"submit\" value=\"Send\" \/>\n<\/p><div class=\"wpcf7-response-output\" aria-hidden=\"true\"><\/div>\n<input type=\"hidden\" name=\"trp-form-language\" value=\"en\"\/><\/form>\n<\/div>\n<\/div>","protected":false},"excerpt":{"rendered":"<p>Icarus Manteniment (+34) 937 304 911 Teresa Vil\u00e0 Heliport 08231 Ullastrell (Barcelona) See map info@icarus-manteniment.com NIF B64294838 Maintenance Manager and Certifying Technician Juan Granizo grani@icarus-manteniment.com CAMO Sergi Olle otecnica@helipistas. com Maintenance Technician Albert Petan\u00e0s albert@icarus-manteniment.com CONTACT US<\/p>","protected":false},"author":1,"featured_media":0,"parent":0,"menu_order":0,"comment_status":"closed","ping_status":"closed","template":"page-templates\/template-contact.php","meta":{"footnotes":""},"class_list":["post-79","page","type-page","status-publish","hentry"],"_links":{"self":[{"href":"https:\/\/www.icarus-manteniment.com\/en\/wp-json\/wp\/v2\/pages\/79","targetHints":{"allow":["GET"]}}],"collection":[{"href":"https:\/\/www.icarus-manteniment.com\/en\/wp-json\/wp\/v2\/pages"}],"about":[{"href":"https:\/\/www.icarus-manteniment.com\/en\/wp-json\/wp\/v2\/types\/page"}],"author":[{"embeddable":true,"href":"https:\/\/www.icarus-manteniment.com\/en\/wp-json\/wp\/v2\/users\/1"}],"replies":[{"embeddable":true,"href":"https:\/\/www.icarus-manteniment.com\/en\/wp-json\/wp\/v2\/comments?post=79"}],"version-history":[{"count":38,"href":"https:\/\/www.icarus-manteniment.com\/en\/wp-json\/wp\/v2\/pages\/79\/revisions"}],"predecessor-version":[{"id":1002,"href":"https:\/\/www.icarus-manteniment.com\/en\/wp-json\/wp\/v2\/pages\/79\/revisions\/1002"}],"wp:attachment":[{"href":"https:\/\/www.icarus-manteniment.com\/en\/wp-json\/wp\/v2\/media?parent=79"}],"curies":[{"name":"wp","href":"https:\/\/api.w.org\/{rel}","templated":true}]}}