{"id":142,"date":"2016-02-18T08:56:08","date_gmt":"2016-02-18T08:56:08","guid":{"rendered":"http:\/\/new.icarus-manteniment.com\/?page_id=142"},"modified":"2021-11-22T21:13:03","modified_gmt":"2021-11-22T20:13:03","slug":"aircraft-and-component-overhaul","status":"publish","type":"page","link":"https:\/\/www.icarus-manteniment.com\/en\/aircraft-and-component-overhaul\/","title":{"rendered":"Overhaul of aircraft and components"},"content":{"rendered":"<div id=\"pl-142\"  class=\"panel-layout\" ><div id=\"pg-142-0\"  class=\"panel-grid panel-no-style\" ><div id=\"pgc-142-0-0\"  class=\"panel-grid-cell\" ><div id=\"panel-142-0-0-0\" class=\"so-panel widget widget_sow-image panel-first-child\" data-index=\"0\" ><div\n\t\t\t\n\t\t\tclass=\"so-widget-sow-image so-widget-sow-image-default-8b5b6f678277-142\"\n\t\t\t\n\t\t>\n<div class=\"sow-image-container\">\n\t\t<img \n\tsrc=\"https:\/\/www.icarus-manteniment.com\/wp-content\/uploads\/2016\/02\/overhaul.png\" width=\"800\" height=\"200\" srcset=\"https:\/\/www.icarus-manteniment.com\/wp-content\/uploads\/2016\/02\/overhaul.png 800w, https:\/\/www.icarus-manteniment.com\/wp-content\/uploads\/2016\/02\/overhaul-300x75.png 300w, https:\/\/www.icarus-manteniment.com\/wp-content\/uploads\/2016\/02\/overhaul-768x192.png 768w\" sizes=\"(max-width: 800px) 100vw, 800px\" title=\"helicopter overhaul\" alt=\"helicopter overhaul\" \t\tclass=\"so-widget-image\"\/>\n\t<\/div>\n\n<\/div><\/div><div id=\"panel-142-0-0-1\" class=\"so-panel widget widget_sow-editor\" data-index=\"1\" ><div\n\t\t\t\n\t\t\tclass=\"so-widget-sow-editor so-widget-sow-editor-base\"\n\t\t\t\n\t\t>\n<div class=\"siteorigin-widget-tinymce textwidget\">\n\t<h2><strong>OVERHAUL<\/strong><\/h2>\n<p><strong>Overhaul<\/strong> is the preventive and corrective maintenance service on aircraft, performed by individuals capable of disassembling the parts of these vehicles.<br \/> Therefore, each component must be inspected regularly, looking for signs of wear or breakdown. Even if a defect is not dangerous, it can reduce efficiency, something that in logistical terms will surely be very expensive.<\/p>\n<h4><strong>Aircraft overhaul<\/strong><\/h4>\n<p>He <strong>aircraft overhaul<\/strong> It is a complex task that encompasses work on structures, interiors, systems and avionics. For this reason, elements that make up the aircraft are assembled and disassembled, following a review procedure that follows national and international regulations. Furthermore, taking as a fundamental variable the number of flight hours and the time (calendar) elapsed. In conclusion, this task entails the complete dismantling of the aircraft.<\/p>\n<p>The aircraft that we are capable of performing this service are the following:<\/p>\n<ul>\n<li><strong>Robinson R22<\/strong><\/li>\n<li><strong>Robinson R44<\/strong><\/li>\n<li><strong>Eurocopter H120B (formerly EC120B)<\/strong><\/li>\n<li><strong>Guimbal Cabri G2<\/strong><\/li>\n<\/ul>\n<h4><strong>Component Overhaul<\/strong><\/h4>\n<p>He <strong>component overhaul<\/strong> It is also a complex task that requires many measuring equipment and special tools, and you must also have appropriately qualified personnel to be able to carry out this task. At Icarus Manteniment we are trained to overhaul the following components:<\/p>\n<ul>\n<li><strong>R22 &amp; R44 Clutch Assy<\/strong><\/li>\n<li><strong>R22 &amp; R44 Main Rotor Hub<\/strong><\/li>\n<li><strong>R22 &amp; R44 Tail Rotor Hub<\/strong><\/li>\n<li><strong>R22 &amp; R44 Tail Rotor Assy<\/strong><\/li>\n<li><strong>R22 &amp; R44 Swashplate<\/strong><\/li>\n<li><strong>R-22 A021-1 Tail Rotor Gearbox 12 years inspection. Seal replacement &amp; internal inspection iaw Robinson information<\/strong><\/li>\n<li><strong>R22 &amp; R44 Fanshaft<\/strong><\/li>\n<li><strong>R22 &amp; R44 Main Rotor Gearbox Upper bearing replacement &amp; 12 years internal inspect iaw Robinson Co. information &amp; Service Bulletin SB15<\/strong><\/li>\n<li><strong>R44 Hydraulic servo seal replacement.<\/strong><\/li>\n<li><strong>R22 &amp; R44 Blade spindle &amp; spindle replacement<\/strong><\/li>\n<li><strong>Teledyne Continental Motor Magnetos<\/strong><\/li>\n<li><strong>Alternators: Electro system ALY\/ALU<\/strong><\/li>\n<li><strong>B&amp;C Starters<\/strong><\/li>\n<li><strong>Ni-Cd Batteries<\/strong><\/li>\n<li><strong>Lycoming engines: O-320-B2C \/ O-360-J2A \/ O-540F1B5 \/ IO-540-AE1A5<\/strong><\/li>\n<\/ul>\n<\/div>\n<\/div><\/div><div id=\"panel-142-0-0-2\" class=\"so-panel widget widget_sow-editor panel-last-child\" data-index=\"2\" ><div\n\t\t\t\n\t\t\tclass=\"so-widget-sow-editor so-widget-sow-editor-base\"\n\t\t\t\n\t\t>\n<div class=\"siteorigin-widget-tinymce textwidget\">\n\t<hr \/>\n<h4><strong>WHAT ELSE CAN WE DO FOR YOU?<\/strong><\/h4>\n<\/div>\n<\/div><\/div><\/div><\/div><div id=\"pg-142-1\"  class=\"panel-grid panel-no-style\" ><div id=\"pgc-142-1-0\"  class=\"panel-grid-cell\" ><div id=\"panel-142-1-0-0\" class=\"so-panel widget widget_sow-image panel-first-child\" data-index=\"3\" ><div\n\t\t\t\n\t\t\tclass=\"so-widget-sow-image so-widget-sow-image-default-8b5b6f678277-142\"\n\t\t\t\n\t\t>\n<div class=\"sow-image-container\">\n\t\t\t<a href=\"https:\/\/www.icarus-manteniment.com\/en\/helicopter-maintenance-and-repair\/\"\n\t\t\t\t\t>\n\t\t\t<img \n\tsrc=\"https:\/\/www.icarus-manteniment.com\/wp-content\/uploads\/2016\/02\/mantenimiento-de-helicoptero.png\" width=\"800\" height=\"200\" srcset=\"https:\/\/www.icarus-manteniment.com\/wp-content\/uploads\/2016\/02\/mantenimiento-de-helicoptero.png 800w, https:\/\/www.icarus-manteniment.com\/wp-content\/uploads\/2016\/02\/mantenimiento-de-helicoptero-300x75.png 300w, https:\/\/www.icarus-manteniment.com\/wp-content\/uploads\/2016\/02\/mantenimiento-de-helicoptero-768x192.png 768w\" sizes=\"(max-width: 800px) 100vw, 800px\" title=\"Helicopter maintenance\" alt=\"Helicopter maintenance\" \t\tclass=\"so-widget-image\"\/>\n\t\t\t<\/a><\/div>\n\n<\/div><\/div><div id=\"panel-142-1-0-1\" class=\"so-panel widget widget_sow-button panel-last-child\" data-index=\"4\" ><div\n\t\t\t\n\t\t\tclass=\"so-widget-sow-button so-widget-sow-button-flat-e115f8920d2f-142\"\n\t\t\t\n\t\t><div class=\"ow-button-base ow-button-align-center\"\n>\n\t\t\t<a\n\t\t\t\t\thref=\"https:\/\/www.icarus-manteniment.com\/en\/helicopter-maintenance-and-repair\/\"\n\t\t\t\t\tclass=\"sowb-button ow-icon-placement-left ow-button-hover\" \t>\n\t\t<span>\n\t\t\t\n\t\t\tMAINTENANCE\t\t<\/span>\n\t\t\t<\/a>\n\t<\/div>\n<\/div><\/div><\/div><div id=\"pgc-142-1-1\"  class=\"panel-grid-cell\" ><div id=\"panel-142-1-1-0\" class=\"so-panel widget widget_sow-image panel-first-child\" data-index=\"5\" ><div\n\t\t\t\n\t\t\tclass=\"so-widget-sow-image so-widget-sow-image-default-8b5b6f678277-142\"\n\t\t\t\n\t\t>\n<div class=\"sow-image-container\">\n\t\t\t<a href=\"https:\/\/www.icarus-manteniment.com\/en\/purchase-and-sale-of-helicopters\/\"\n\t\t\t\t\t>\n\t\t\t<img \n\tsrc=\"https:\/\/www.icarus-manteniment.com\/wp-content\/uploads\/2021\/11\/compra-venta.jpg\" width=\"800\" height=\"200\" srcset=\"https:\/\/www.icarus-manteniment.com\/wp-content\/uploads\/2021\/11\/compra-venta.jpg 800w, https:\/\/www.icarus-manteniment.com\/wp-content\/uploads\/2021\/11\/compra-venta-300x75.jpg 300w, https:\/\/www.icarus-manteniment.com\/wp-content\/uploads\/2021\/11\/compra-venta-768x192.jpg 768w\" sizes=\"(max-width: 800px) 100vw, 800px\" title=\"purchase and sale of helicopters\" alt=\"purchase and sale of helicopters\" \t\tclass=\"so-widget-image\"\/>\n\t\t\t<\/a><\/div>\n\n<\/div><\/div><div id=\"panel-142-1-1-1\" class=\"so-panel widget widget_sow-button panel-last-child\" data-index=\"6\" ><div\n\t\t\t\n\t\t\tclass=\"so-widget-sow-button so-widget-sow-button-flat-e115f8920d2f-142\"\n\t\t\t\n\t\t><div class=\"ow-button-base ow-button-align-center\"\n>\n\t\t\t<a\n\t\t\t\t\thref=\"https:\/\/www.icarus-manteniment.com\/en\/purchase-and-sale-of-helicopters\/\"\n\t\t\t\t\tclass=\"sowb-button ow-icon-placement-left ow-button-hover\" \t>\n\t\t<span>\n\t\t\t\n\t\t\tBUY AND SELL\t\t<\/span>\n\t\t\t<\/a>\n\t<\/div>\n<\/div><\/div><\/div><\/div><div id=\"pg-142-2\"  class=\"panel-grid panel-no-style\" ><div id=\"pgc-142-2-0\"  class=\"panel-grid-cell\" ><div id=\"panel-142-2-0-0\" class=\"so-panel widget widget_sow-editor panel-first-child panel-last-child\" data-index=\"7\" ><div\n\t\t\t\n\t\t\tclass=\"so-widget-sow-editor so-widget-sow-editor-base\"\n\t\t\t\n\t\t>\n<div class=\"siteorigin-widget-tinymce textwidget\">\n\t<hr \/>\n<h4>CONTACT US<\/h4>\n\n<div class=\"wpcf7 no-js\" id=\"wpcf7-f131-o1\" lang=\"es-ES\" dir=\"ltr\" data-wpcf7-id=\"131\">\n<div class=\"screen-reader-response\"><p role=\"status\" aria-live=\"polite\" aria-atomic=\"true\"><\/p> <ul><\/ul><\/div>\n<form action=\"\/en\/wp-json\/wp\/v2\/pages\/142#wpcf7-f131-o1\" method=\"post\" class=\"wpcf7-form init\" aria-label=\"Contact Form\" enctype=\"multipart\/form-data\" novalidate=\"novalidate\" data-status=\"init\" data-trp-original-action=\"\/en\/wp-json\/wp\/v2\/pages\/142#wpcf7-f131-o1\">\n<fieldset class=\"hidden-fields-container\"><input type=\"hidden\" name=\"_wpcf7\" value=\"131\" \/><input type=\"hidden\" name=\"_wpcf7_version\" value=\"6.1.5\" \/><input type=\"hidden\" name=\"_wpcf7_locale\" value=\"es_ES\" \/><input type=\"hidden\" name=\"_wpcf7_unit_tag\" value=\"wpcf7-f131-o1\" \/><input type=\"hidden\" name=\"_wpcf7_container_post\" value=\"0\" \/><input type=\"hidden\" name=\"_wpcf7_posted_data_hash\" value=\"\" \/><input type=\"hidden\" name=\"_wpcf7_recaptcha_response\" value=\"\" \/>\n<\/fieldset>\n<p>Name\n<\/p>\n<p><span class=\"wpcf7-form-control-wrap\" data-name=\"your-name\"><input size=\"40\" maxlength=\"400\" class=\"wpcf7-form-control wpcf7-text wpcf7-validates-as-required\" aria-required=\"true\" aria-invalid=\"false\" value=\"\" type=\"text\" name=\"your-name\" \/><\/span>\n<\/p>\n<p>Email\n<\/p>\n<p><span class=\"wpcf7-form-control-wrap\" data-name=\"your-email\"><input size=\"40\" maxlength=\"400\" class=\"wpcf7-form-control wpcf7-email wpcf7-validates-as-required wpcf7-text wpcf7-validates-as-email\" aria-required=\"true\" aria-invalid=\"false\" value=\"\" type=\"email\" name=\"your-email\" \/><\/span>\n<\/p>\n<p>Affair\n<\/p>\n<p><span class=\"wpcf7-form-control-wrap\" data-name=\"your-subject\"><input size=\"40\" maxlength=\"400\" class=\"wpcf7-form-control wpcf7-text wpcf7-validates-as-required\" aria-required=\"true\" aria-invalid=\"false\" value=\"\" type=\"text\" name=\"your-subject\" \/><\/span>\n<\/p>\n<p>Message\n<\/p>\n<p><span class=\"wpcf7-form-control-wrap\" data-name=\"your-message\"><textarea cols=\"40\" rows=\"10\" maxlength=\"2000\" class=\"wpcf7-form-control wpcf7-textarea wpcf7-validates-as-required\" aria-required=\"true\" aria-invalid=\"false\" name=\"your-message\"><\/textarea><\/span>\n<\/p>\n<p><span class=\"wpcf7-form-control-wrap\" data-name=\"file-781\"><input size=\"40\" class=\"wpcf7-form-control wpcf7-file\" accept=\".pdf,.jpg,.png\" aria-invalid=\"false\" type=\"file\" name=\"file-781\" \/><\/span><br \/>\n<i>*Accepted formats: pdf, jpg, png.<\/i>\n<\/p>\n<p><span class=\"wpcf7-form-control-wrap\" data-name=\"LeydeProteccindedatos\"><span class=\"wpcf7-form-control wpcf7-checkbox wpcf7-validates-as-required\"><span class=\"wpcf7-list-item first last\"><input type=\"checkbox\" name=\"LeydeProteccindedatos[]\" value=\"ACEPTO. Seg\u00fan lo establecido el 25 de mayo de 2018 en el Reglamento General de Protecci\u00f3n de Datos (RGPD), acepto la inclusi\u00f3n de mis datos (nombre, tel\u00e9fono y correo electr\u00f3nico) en un fichero del que es titular Icarus Mantenimenet, y que los mismos sean empleados para ofrecer los servicios en los que est\u00e9 interesado previo requerimiento suyo, a la vez que se utilizar\u00e1n para el env\u00edo de noticias y novedades de la empresa v\u00eda e-mail. Tambi\u00e9n le informamos de que su correo electr\u00f3nico y nombre nunca ser\u00e1n cedidos. Asimismo, declaro estar informado sobre los derechos de acceso rectificaci\u00f3n, cancelaci\u00f3n y oposici\u00f3n que podr\u00e9 ejercitar en el domicilio de Icarus Manteniment a ctra. de Ullastrell s\/n (Barcelona) o bien enviando un mensaje a la direcci\u00f3n de correo electr\u00f3nico info@icarus-manteniment.com.\" \/><span class=\"wpcf7-list-item-label\">I AGREE. As established on May 25, 2018 in the General Data Protection Regulation (GDPR), I accept the inclusion of my data (name, telephone number and email) in a file owned by Icarus Mantenimenet, and that they are employees to offer the services in which you are interested upon your request, at the same time that they will be used to send news and updates about the company via e-mail. We also inform you that your email and name will never be transferred. Likewise, I declare that I am informed about the rights of access, rectification, cancellation and opposition that I may exercise at the address of Icarus Manteniment a ctra. de Ullastrell s\/n (Barcelona) or by sending a message to the email address info@icarus-manteniment.com.<\/span><\/span><\/span><\/span><br \/>\n<div id=\"cf7sr-69e1b3ad83bff\" class=\"cf7sr-g-recaptcha\" data-theme=\"light\" data-type=\"image\" data-size=\"normal\" data-sitekey=\"6Lcs1IoUAAAAAEYGAVm1hXN3tP-sjEVdae_qh6cv\"><\/div><span class=\"wpcf7-form-control-wrap cf7sr-recaptcha\" data-name=\"cf7sr-recaptcha\"><input type=\"hidden\" name=\"cf7sr-recaptcha\" value=\"\" class=\"wpcf7-form-control\"><\/span>\n<\/p>\n<p><input class=\"wpcf7-form-control wpcf7-submit has-spinner\" type=\"submit\" value=\"Send\" \/>\n<\/p><div class=\"wpcf7-response-output\" aria-hidden=\"true\"><\/div>\n<input type=\"hidden\" name=\"trp-form-language\" value=\"en\"\/><\/form>\n<\/div>\n\n<\/div>\n<\/div><\/div><\/div><\/div><\/div>","protected":false},"excerpt":{"rendered":"<p>OVERHAUL Overhaul is the preventive and corrective maintenance service on aircraft, performed by individuals capable of disassembling the parts of these vehicles. Therefore, each component must be inspected regularly, looking for signs of wear or breakdown. Although<\/p>","protected":false},"author":1,"featured_media":146,"parent":0,"menu_order":0,"comment_status":"closed","ping_status":"closed","template":"","meta":{"footnotes":""},"class_list":["post-142","page","type-page","status-publish","has-post-thumbnail","hentry"],"_links":{"self":[{"href":"https:\/\/www.icarus-manteniment.com\/en\/wp-json\/wp\/v2\/pages\/142","targetHints":{"allow":["GET"]}}],"collection":[{"href":"https:\/\/www.icarus-manteniment.com\/en\/wp-json\/wp\/v2\/pages"}],"about":[{"href":"https:\/\/www.icarus-manteniment.com\/en\/wp-json\/wp\/v2\/types\/page"}],"author":[{"embeddable":true,"href":"https:\/\/www.icarus-manteniment.com\/en\/wp-json\/wp\/v2\/users\/1"}],"replies":[{"embeddable":true,"href":"https:\/\/www.icarus-manteniment.com\/en\/wp-json\/wp\/v2\/comments?post=142"}],"version-history":[{"count":31,"href":"https:\/\/www.icarus-manteniment.com\/en\/wp-json\/wp\/v2\/pages\/142\/revisions"}],"predecessor-version":[{"id":241,"href":"https:\/\/www.icarus-manteniment.com\/en\/wp-json\/wp\/v2\/pages\/142\/revisions\/241"}],"wp:featuredmedia":[{"embeddable":true,"href":"https:\/\/www.icarus-manteniment.com\/en\/wp-json\/wp\/v2\/media\/146"}],"wp:attachment":[{"href":"https:\/\/www.icarus-manteniment.com\/en\/wp-json\/wp\/v2\/media?parent=142"}],"curies":[{"name":"wp","href":"https:\/\/api.w.org\/{rel}","templated":true}]}}