{"id":138,"date":"2016-02-18T08:55:12","date_gmt":"2016-02-18T08:55:12","guid":{"rendered":"http:\/\/new.icarus-manteniment.com\/?page_id=138"},"modified":"2021-11-22T21:07:26","modified_gmt":"2021-11-22T20:07:26","slug":"helicopter-maintenance-and-repair","status":"publish","type":"page","link":"https:\/\/www.icarus-manteniment.com\/en\/helicopter-maintenance-and-repair\/","title":{"rendered":"Helicopter maintenance and repair"},"content":{"rendered":"<div id=\"pl-138\"  class=\"panel-layout\" ><div id=\"pg-138-0\"  class=\"panel-grid panel-no-style\" ><div id=\"pgc-138-0-0\"  class=\"panel-grid-cell\" ><div id=\"panel-138-0-0-0\" class=\"so-panel widget widget_sow-image panel-first-child\" data-index=\"0\" ><div\n\t\t\t\n\t\t\tclass=\"so-widget-sow-image so-widget-sow-image-default-8b5b6f678277-138\"\n\t\t\t\n\t\t>\n<div class=\"sow-image-container\">\n\t\t<img \n\tsrc=\"https:\/\/www.icarus-manteniment.com\/wp-content\/uploads\/2016\/02\/mantenimiento-de-helicoptero.png\" width=\"800\" height=\"200\" srcset=\"https:\/\/www.icarus-manteniment.com\/wp-content\/uploads\/2016\/02\/mantenimiento-de-helicoptero.png 800w, https:\/\/www.icarus-manteniment.com\/wp-content\/uploads\/2016\/02\/mantenimiento-de-helicoptero-300x75.png 300w, https:\/\/www.icarus-manteniment.com\/wp-content\/uploads\/2016\/02\/mantenimiento-de-helicoptero-768x192.png 768w\" sizes=\"(max-width: 800px) 100vw, 800px\" title=\"Helicopter maintenance\" alt=\"Helicopter maintenance and repair\" \t\tclass=\"so-widget-image\"\/>\n\t<\/div>\n\n<\/div><\/div><div id=\"panel-138-0-0-1\" class=\"so-panel widget widget_sow-editor\" data-index=\"1\" ><div\n\t\t\t\n\t\t\tclass=\"so-widget-sow-editor so-widget-sow-editor-base\"\n\t\t\t\n\t\t>\n<div class=\"siteorigin-widget-tinymce textwidget\">\n\t<h2>MAINTENANCE AND REPAIR OF HELICOPTERS<\/h2>\n<p>The objective of the service <strong>helicopter maintenance and repair<\/strong> of Icarus is the satisfaction of its clients, providing them with quality services. In accordance with the standards established through the quality requirements included in the Maintenance Organization Manual (MOM) and maintaining safety standards as a basic priority in all work to be carried out, paying attention to the influence of Human Factors in the development referred to. to work.<\/p>\n<p>According to the regulations established by the <a href=\"https:\/\/www.seguridadaerea.gob.es\/lang_castellano\/home.aspx\" target=\"_blank\" rel=\"noopener\">Spanish Civil Aviation (AESA)<\/a> and the <a href=\"https:\/\/www.easa.europa.eu\/\" target=\"_blank\" rel=\"noopener\">European Aviation Safety Agency (EASA)<\/a>, Icarus Manteniment has all the permits and means, both physical and human, to be able to carry out all maintenance tasks within the legal framework. At Icarus, we have the maintenance organization approval PART 145-ES.145.157, which allows us to carry out Online and Base Maintenance of various helicopter models, complying with the regulations established in Regulation (EC) No. 2042\/2003 of the Commission.<\/p>\n<p>We have a highly qualified helicopter maintenance center. In addition, sufficient space and means for the development of all maintenance and tasks required to maintain the airworthiness of the aircraft. Our team of maintenance technicians (LMA&#039;s) are duly qualified and trained in the main factories of origin of the aircraft. Said maintenance is carried out at these factories (USA and Europe), thus obtaining an optimal level of quality in the presentation of the maintenance service to the following aircraft models:<\/p>\n<ul>\n<li><strong>Robinson R22<\/strong><\/li>\n<li><strong>Robinson R44<\/strong><\/li>\n<li><strong>Eurocopter H120B \u201cHummingbird\u201d (formerly EC120B)<\/strong><\/li>\n<li><strong>Guimbal Cabri G2<\/strong><\/li>\n<\/ul>\n<p>In addition, we are also a Service Center <a href=\"https:\/\/robinsonheli.com\/\" target=\"_blank\" rel=\"noopener\">Robinson<\/a> and of <a href=\"https:\/\/www.lycoming.com\/\" target=\"_blank\" rel=\"noopener\">Lycoming<\/a>.<\/p>\n<\/div>\n<\/div><\/div><div id=\"panel-138-0-0-2\" class=\"so-panel widget widget_sow-editor panel-last-child\" data-index=\"2\" ><div\n\t\t\t\n\t\t\tclass=\"so-widget-sow-editor so-widget-sow-editor-base\"\n\t\t\t\n\t\t>\n<div class=\"siteorigin-widget-tinymce textwidget\">\n\t<hr \/>\n<h4><strong>WHAT ELSE CAN WE DO FOR YOU?<\/strong><\/h4>\n<\/div>\n<\/div><\/div><\/div><\/div><div id=\"pg-138-1\"  class=\"panel-grid panel-no-style\" ><div id=\"pgc-138-1-0\"  class=\"panel-grid-cell\" ><div id=\"panel-138-1-0-0\" class=\"so-panel widget widget_sow-image panel-first-child\" data-index=\"3\" ><div\n\t\t\t\n\t\t\tclass=\"so-widget-sow-image so-widget-sow-image-default-8b5b6f678277-138\"\n\t\t\t\n\t\t>\n<div class=\"sow-image-container\">\n\t\t\t<a href=\"https:\/\/www.icarus-manteniment.com\/en\/aircraft-and-component-overhaul\/\">\n\t\t\t<img \n\tsrc=\"https:\/\/www.icarus-manteniment.com\/wp-content\/uploads\/2016\/02\/overhaul.png\" width=\"800\" height=\"200\" srcset=\"https:\/\/www.icarus-manteniment.com\/wp-content\/uploads\/2016\/02\/overhaul.png 800w, https:\/\/www.icarus-manteniment.com\/wp-content\/uploads\/2016\/02\/overhaul-300x75.png 300w, https:\/\/www.icarus-manteniment.com\/wp-content\/uploads\/2016\/02\/overhaul-768x192.png 768w\" sizes=\"(max-width: 800px) 100vw, 800px\" title=\"helicopter overhaul\" alt=\"helicopter overhaul\" \t\tclass=\"so-widget-image\"\/>\n\t\t\t<\/a><\/div>\n\n<\/div><\/div><div id=\"panel-138-1-0-1\" class=\"so-panel widget widget_sow-button panel-last-child\" data-index=\"4\" ><div\n\t\t\t\n\t\t\tclass=\"so-widget-sow-button so-widget-sow-button-flat-e115f8920d2f-138\"\n\t\t\t\n\t\t><div class=\"ow-button-base ow-button-align-center\"\n>\n\t\t\t<a href=\"https:\/\/www.icarus-manteniment.com\/en\/aircraft-and-component-overhaul\/\" class=\"sowb-button ow-icon-placement-left ow-button-hover\">\n\t\t<span>\n\t\t\t\n\t\t\tOVERHAUL\t\t<\/span>\n\t\t\t<\/a>\n\t<\/div>\n<\/div><\/div><\/div><div id=\"pgc-138-1-1\"  class=\"panel-grid-cell\" ><div id=\"panel-138-1-1-0\" class=\"so-panel widget widget_sow-image panel-first-child\" data-index=\"5\" ><div\n\t\t\t\n\t\t\tclass=\"so-widget-sow-image so-widget-sow-image-default-8b5b6f678277-138\"\n\t\t\t\n\t\t>\n<div class=\"sow-image-container\">\n\t\t\t<a href=\"https:\/\/www.icarus-manteniment.com\/en\/purchase-and-sale-of-helicopters\/\">\n\t\t\t<img \n\tsrc=\"https:\/\/www.icarus-manteniment.com\/wp-content\/uploads\/2021\/11\/compra-venta.jpg\" width=\"800\" height=\"200\" srcset=\"https:\/\/www.icarus-manteniment.com\/wp-content\/uploads\/2021\/11\/compra-venta.jpg 800w, https:\/\/www.icarus-manteniment.com\/wp-content\/uploads\/2021\/11\/compra-venta-300x75.jpg 300w, https:\/\/www.icarus-manteniment.com\/wp-content\/uploads\/2021\/11\/compra-venta-768x192.jpg 768w\" sizes=\"(max-width: 800px) 100vw, 800px\" title=\"purchase and sale of helicopters\" alt=\"purchase and sale of helicopters\" \t\tclass=\"so-widget-image\"\/>\n\t\t\t<\/a><\/div>\n\n<\/div><\/div><div id=\"panel-138-1-1-1\" class=\"so-panel widget widget_sow-button panel-last-child\" data-index=\"6\" ><div\n\t\t\t\n\t\t\tclass=\"so-widget-sow-button so-widget-sow-button-flat-e115f8920d2f-138\"\n\t\t\t\n\t\t><div class=\"ow-button-base ow-button-align-center\"\n>\n\t\t\t<a href=\"https:\/\/www.icarus-manteniment.com\/en\/purchase-and-sale-of-helicopters\/\" class=\"sowb-button ow-icon-placement-left ow-button-hover\">\n\t\t<span>\n\t\t\t\n\t\t\tBUY AND SELL\t\t<\/span>\n\t\t\t<\/a>\n\t<\/div>\n<\/div><\/div><\/div><\/div><div id=\"pg-138-2\"  class=\"panel-grid panel-no-style\" ><div id=\"pgc-138-2-0\"  class=\"panel-grid-cell\" ><div id=\"panel-138-2-0-0\" class=\"so-panel widget widget_sow-editor panel-first-child panel-last-child\" data-index=\"7\" ><div\n\t\t\t\n\t\t\tclass=\"so-widget-sow-editor so-widget-sow-editor-base\"\n\t\t\t\n\t\t>\n<div class=\"siteorigin-widget-tinymce textwidget\">\n\t<hr \/>\n<h4>CONTACT US<\/h4>\n\n<div class=\"wpcf7 no-js\" id=\"wpcf7-f131-o1\" lang=\"es-ES\" dir=\"ltr\" data-wpcf7-id=\"131\">\n<div class=\"screen-reader-response\"><p role=\"status\" aria-live=\"polite\" aria-atomic=\"true\"><\/p> <ul><\/ul><\/div>\n<form action=\"\/en\/wp-json\/wp\/v2\/pages\/138#wpcf7-f131-o1\" method=\"post\" class=\"wpcf7-form init\" aria-label=\"Contact Form\" enctype=\"multipart\/form-data\" novalidate=\"novalidate\" data-status=\"init\" data-trp-original-action=\"\/en\/wp-json\/wp\/v2\/pages\/138#wpcf7-f131-o1\">\n<fieldset class=\"hidden-fields-container\"><input type=\"hidden\" name=\"_wpcf7\" value=\"131\" \/><input type=\"hidden\" name=\"_wpcf7_version\" value=\"6.1.5\" \/><input type=\"hidden\" name=\"_wpcf7_locale\" value=\"es_ES\" \/><input type=\"hidden\" name=\"_wpcf7_unit_tag\" value=\"wpcf7-f131-o1\" \/><input type=\"hidden\" name=\"_wpcf7_container_post\" value=\"0\" \/><input type=\"hidden\" name=\"_wpcf7_posted_data_hash\" value=\"\" \/><input type=\"hidden\" name=\"_wpcf7_recaptcha_response\" value=\"\" \/>\n<\/fieldset>\n<p>Name\n<\/p>\n<p><span class=\"wpcf7-form-control-wrap\" data-name=\"your-name\"><input size=\"40\" maxlength=\"400\" class=\"wpcf7-form-control wpcf7-text wpcf7-validates-as-required\" aria-required=\"true\" aria-invalid=\"false\" value=\"\" type=\"text\" name=\"your-name\" \/><\/span>\n<\/p>\n<p>Email\n<\/p>\n<p><span class=\"wpcf7-form-control-wrap\" data-name=\"your-email\"><input size=\"40\" maxlength=\"400\" class=\"wpcf7-form-control wpcf7-email wpcf7-validates-as-required wpcf7-text wpcf7-validates-as-email\" aria-required=\"true\" aria-invalid=\"false\" value=\"\" type=\"email\" name=\"your-email\" \/><\/span>\n<\/p>\n<p>Affair\n<\/p>\n<p><span class=\"wpcf7-form-control-wrap\" data-name=\"your-subject\"><input size=\"40\" maxlength=\"400\" class=\"wpcf7-form-control wpcf7-text wpcf7-validates-as-required\" aria-required=\"true\" aria-invalid=\"false\" value=\"\" type=\"text\" name=\"your-subject\" \/><\/span>\n<\/p>\n<p>Message\n<\/p>\n<p><span class=\"wpcf7-form-control-wrap\" data-name=\"your-message\"><textarea cols=\"40\" rows=\"10\" maxlength=\"2000\" class=\"wpcf7-form-control wpcf7-textarea wpcf7-validates-as-required\" aria-required=\"true\" aria-invalid=\"false\" name=\"your-message\"><\/textarea><\/span>\n<\/p>\n<p><span class=\"wpcf7-form-control-wrap\" data-name=\"file-781\"><input size=\"40\" class=\"wpcf7-form-control wpcf7-file\" accept=\".pdf,.jpg,.png\" aria-invalid=\"false\" type=\"file\" name=\"file-781\" \/><\/span><br \/>\n<i>*Accepted formats: pdf, jpg, png.<\/i>\n<\/p>\n<p><span class=\"wpcf7-form-control-wrap\" data-name=\"LeydeProteccindedatos\"><span class=\"wpcf7-form-control wpcf7-checkbox wpcf7-validates-as-required\"><span class=\"wpcf7-list-item first last\"><input type=\"checkbox\" name=\"LeydeProteccindedatos[]\" value=\"ACEPTO. Seg\u00fan lo establecido el 25 de mayo de 2018 en el Reglamento General de Protecci\u00f3n de Datos (RGPD), acepto la inclusi\u00f3n de mis datos (nombre, tel\u00e9fono y correo electr\u00f3nico) en un fichero del que es titular Icarus Mantenimenet, y que los mismos sean empleados para ofrecer los servicios en los que est\u00e9 interesado previo requerimiento suyo, a la vez que se utilizar\u00e1n para el env\u00edo de noticias y novedades de la empresa v\u00eda e-mail. Tambi\u00e9n le informamos de que su correo electr\u00f3nico y nombre nunca ser\u00e1n cedidos. Asimismo, declaro estar informado sobre los derechos de acceso rectificaci\u00f3n, cancelaci\u00f3n y oposici\u00f3n que podr\u00e9 ejercitar en el domicilio de Icarus Manteniment a ctra. de Ullastrell s\/n (Barcelona) o bien enviando un mensaje a la direcci\u00f3n de correo electr\u00f3nico info@icarus-manteniment.com.\" \/><span class=\"wpcf7-list-item-label\">I AGREE. As established on May 25, 2018 in the General Data Protection Regulation (GDPR), I accept the inclusion of my data (name, telephone number and email) in a file owned by Icarus Mantenimenet, and that they are employees to offer the services in which you are interested upon your request, at the same time that they will be used to send news and updates about the company via e-mail. We also inform you that your email and name will never be transferred. Likewise, I declare that I am informed about the rights of access, rectification, cancellation and opposition that I may exercise at the address of Icarus Manteniment a ctra. de Ullastrell s\/n (Barcelona) or by sending a message to the email address info@icarus-manteniment.com.<\/span><\/span><\/span><\/span><br \/>\n<div id=\"cf7sr-6a04691f9a1f8\" class=\"cf7sr-g-recaptcha\" data-theme=\"light\" data-type=\"image\" data-size=\"normal\" data-sitekey=\"6Lcs1IoUAAAAAEYGAVm1hXN3tP-sjEVdae_qh6cv\"><\/div><span class=\"wpcf7-form-control-wrap cf7sr-recaptcha\" data-name=\"cf7sr-recaptcha\"><input type=\"hidden\" name=\"cf7sr-recaptcha\" value=\"\" class=\"wpcf7-form-control\"><\/span>\n<\/p>\n<p><input class=\"wpcf7-form-control wpcf7-submit has-spinner\" type=\"submit\" value=\"Send\" \/>\n<\/p><div class=\"wpcf7-response-output\" aria-hidden=\"true\"><\/div>\n<input type=\"hidden\" name=\"trp-form-language\" value=\"en\"\/><\/form>\n<\/div>\n\n<\/div>\n<\/div><\/div><\/div><\/div><\/div>","protected":false},"excerpt":{"rendered":"<p>HELICOPTER MAINTENANCE AND REPAIR The objective of the Icarus helicopter maintenance and repair service is the satisfaction of its customers, providing them with quality services. According to the standards established through the quality requirements collected in the<\/p>","protected":false},"author":1,"featured_media":0,"parent":0,"menu_order":0,"comment_status":"closed","ping_status":"closed","template":"","meta":{"footnotes":""},"class_list":["post-138","page","type-page","status-publish","hentry"],"_links":{"self":[{"href":"https:\/\/www.icarus-manteniment.com\/en\/wp-json\/wp\/v2\/pages\/138","targetHints":{"allow":["GET"]}}],"collection":[{"href":"https:\/\/www.icarus-manteniment.com\/en\/wp-json\/wp\/v2\/pages"}],"about":[{"href":"https:\/\/www.icarus-manteniment.com\/en\/wp-json\/wp\/v2\/types\/page"}],"author":[{"embeddable":true,"href":"https:\/\/www.icarus-manteniment.com\/en\/wp-json\/wp\/v2\/users\/1"}],"replies":[{"embeddable":true,"href":"https:\/\/www.icarus-manteniment.com\/en\/wp-json\/wp\/v2\/comments?post=138"}],"version-history":[{"count":52,"href":"https:\/\/www.icarus-manteniment.com\/en\/wp-json\/wp\/v2\/pages\/138\/revisions"}],"predecessor-version":[{"id":1029,"href":"https:\/\/www.icarus-manteniment.com\/en\/wp-json\/wp\/v2\/pages\/138\/revisions\/1029"}],"wp:attachment":[{"href":"https:\/\/www.icarus-manteniment.com\/en\/wp-json\/wp\/v2\/media?parent=138"}],"curies":[{"name":"wp","href":"https:\/\/api.w.org\/{rel}","templated":true}]}}