{"id":1009,"date":"2021-11-22T20:23:51","date_gmt":"2021-11-22T19:23:51","guid":{"rendered":"https:\/\/www.icarus-manteniment.com\/?page_id=1009"},"modified":"2021-11-22T21:57:59","modified_gmt":"2021-11-22T20:57:59","slug":"purchase-and-sale-of-helicopters","status":"publish","type":"page","link":"https:\/\/www.icarus-manteniment.com\/en\/purchase-and-sale-of-helicopters\/","title":{"rendered":"Purchase and sale of helicopters"},"content":{"rendered":"<div id=\"pl-gb1009-69fcb12fd60e3\"  class=\"panel-layout\" ><div id=\"pg-gb1009-69fcb12fd60e3-0\"  class=\"panel-grid panel-no-style\" ><div id=\"pgc-gb1009-69fcb12fd60e3-0-0\"  class=\"panel-grid-cell\" ><div id=\"panel-gb1009-69fcb12fd60e3-0-0-0\" class=\"so-panel widget widget_sow-image panel-first-child\" data-index=\"0\" ><div\n\t\t\t\n\t\t\tclass=\"so-widget-sow-image so-widget-sow-image-default-8b5b6f678277-1009\"\n\t\t\t\n\t\t>\n<div class=\"sow-image-container\">\n\t\t<img \n\tsrc=\"https:\/\/www.icarus-manteniment.com\/wp-content\/uploads\/2021\/11\/compra-venta.jpg\" width=\"800\" height=\"200\" srcset=\"https:\/\/www.icarus-manteniment.com\/wp-content\/uploads\/2021\/11\/compra-venta.jpg 800w, https:\/\/www.icarus-manteniment.com\/wp-content\/uploads\/2021\/11\/compra-venta-300x75.jpg 300w, https:\/\/www.icarus-manteniment.com\/wp-content\/uploads\/2021\/11\/compra-venta-768x192.jpg 768w\" sizes=\"(max-width: 800px) 100vw, 800px\" title=\"purchase and sale of helicopters\" alt=\"purchase and sale of helicopters\" \t\tclass=\"so-widget-image\"\/>\n\t<\/div>\n\n<\/div><\/div><div id=\"panel-gb1009-69fcb12fd60e3-0-0-1\" class=\"so-panel widget widget_sow-editor\" data-index=\"1\" ><div\n\t\t\t\n\t\t\tclass=\"so-widget-sow-editor so-widget-sow-editor-base\"\n\t\t\t\n\t\t>\n<div class=\"siteorigin-widget-tinymce textwidget\">\n\t<h2><strong>BUY SALE OF HELICOPTERS<\/strong><\/h2>\n<p>At Icarus we take care of the <strong>purchase and sale of helicopters\u00a0<\/strong>and we carry out all the necessary procedures so that you do not have to worry about any management. We are specialized in advice, sales and after-sales service of helicopters.<\/p>\n<p>We cover the needs of the market, whether they are operating companies, training centers or individuals. Our technical team, with more than 20 years of experience in the purchase and sale of aircraft and their maintenance, guarantees you the best product in Europe.<\/p>\n<p>The helicopters have been exhaustively reviewed and prepared, complying with all the corresponding maintenance established by the manufacturers and regulatory organizations of the sector, in our case AESA (State Aviation Safety Agency) and EASA (European Aviation Safety Agency).<\/p>\n<p>Our staff has been highly qualified and accredited by the administrations to carry out maintenance on aircraft. The aircraft are ready for immediate delivery.<\/p>\n<h4><strong>Purchase of helicopters<\/strong><\/h4>\n<p>Whether you are looking for a helicopter, used or new, for private or commercial use, we will help you find the perfect aircraft.<\/p>\n<p>We are in charge of advising you on the purchase and managing all the necessary procedures.<\/p>\n<h4>Helicopter sales<\/h4>\n<p>If you want to sell your helicopter, our specialized team will find the ideal buyer and carry out the entire negotiation.<\/p>\n<h4>Additional services<\/h4>\n<ul>\n<li>We take care of going to look for your aircraft.<\/li>\n<li>We have a Pilot School for new owners.<\/li>\n<li>If you need a pilot for your helicopter, we have highly qualified professionals.<\/li>\n<\/ul>\n<\/div>\n<\/div><\/div><div id=\"panel-gb1009-69fcb12fd60e3-0-0-2\" class=\"so-panel widget widget_sow-editor panel-last-child\" data-index=\"2\" ><div\n\t\t\t\n\t\t\tclass=\"so-widget-sow-editor so-widget-sow-editor-base\"\n\t\t\t\n\t\t>\n<div class=\"siteorigin-widget-tinymce textwidget\">\n\t<hr \/>\n<h4><strong>WHAT ELSE CAN WE DO FOR YOU?<\/strong><\/h4>\n<\/div>\n<\/div><\/div><\/div><\/div><div id=\"pg-gb1009-69fcb12fd60e3-1\"  class=\"panel-grid panel-no-style\" ><div id=\"pgc-gb1009-69fcb12fd60e3-1-0\"  class=\"panel-grid-cell\" ><div id=\"panel-gb1009-69fcb12fd60e3-1-0-0\" class=\"so-panel widget widget_sow-image panel-first-child\" data-index=\"3\" ><div class=\"panel-widget-style panel-widget-style-for-gb1009-69fcb12fd60e3-1-0-0\" ><div\n\t\t\t\n\t\t\tclass=\"so-widget-sow-image so-widget-sow-image-default-8b5b6f678277-1009\"\n\t\t\t\n\t\t>\n<div class=\"sow-image-container\">\n\t\t\t<a href=\"https:\/\/www.icarus-manteniment.com\/en\/helicopter-maintenance-and-repair\/\"\n\t\t\t\t\t>\n\t\t\t<img \n\tsrc=\"https:\/\/www.icarus-manteniment.com\/wp-content\/uploads\/2016\/02\/mantenimiento-de-helicoptero.png\" width=\"800\" height=\"200\" srcset=\"https:\/\/www.icarus-manteniment.com\/wp-content\/uploads\/2016\/02\/mantenimiento-de-helicoptero.png 800w, https:\/\/www.icarus-manteniment.com\/wp-content\/uploads\/2016\/02\/mantenimiento-de-helicoptero-300x75.png 300w, https:\/\/www.icarus-manteniment.com\/wp-content\/uploads\/2016\/02\/mantenimiento-de-helicoptero-768x192.png 768w\" sizes=\"(max-width: 800px) 100vw, 800px\" title=\"Helicopter maintenance\" alt=\"Helicopter maintenance\" \t\tclass=\"so-widget-image\"\/>\n\t\t\t<\/a><\/div>\n\n<\/div><\/div><\/div><div id=\"panel-gb1009-69fcb12fd60e3-1-0-1\" class=\"so-panel widget widget_sow-button panel-last-child\" data-index=\"4\" ><div\n\t\t\t\n\t\t\tclass=\"so-widget-sow-button so-widget-sow-button-flat-e115f8920d2f-1009\"\n\t\t\t\n\t\t><div class=\"ow-button-base ow-button-align-center\"\n>\n\t\t\t<a\n\t\t\t\t\thref=\"https:\/\/www.icarus-manteniment.com\/en\/helicopter-maintenance-and-repair\/\"\n\t\t\t\t\tclass=\"sowb-button ow-icon-placement-left ow-button-hover\" \t>\n\t\t<span>\n\t\t\t\n\t\t\tMAINTENANCE\t\t<\/span>\n\t\t\t<\/a>\n\t<\/div>\n<\/div><\/div><\/div><div id=\"pgc-gb1009-69fcb12fd60e3-1-1\"  class=\"panel-grid-cell\" ><div id=\"panel-gb1009-69fcb12fd60e3-1-1-0\" class=\"so-panel widget widget_sow-image panel-first-child\" data-index=\"5\" ><div class=\"panel-widget-style panel-widget-style-for-gb1009-69fcb12fd60e3-1-1-0\" ><div\n\t\t\t\n\t\t\tclass=\"so-widget-sow-image so-widget-sow-image-default-8b5b6f678277-1009\"\n\t\t\t\n\t\t>\n<div class=\"sow-image-container\">\n\t\t\t<a href=\"https:\/\/www.icarus-manteniment.com\/en\/aircraft-and-component-overhaul\/\"\n\t\t\t\t\t>\n\t\t\t<img \n\tsrc=\"https:\/\/www.icarus-manteniment.com\/wp-content\/uploads\/2016\/02\/overhaul.png\" width=\"800\" height=\"200\" srcset=\"https:\/\/www.icarus-manteniment.com\/wp-content\/uploads\/2016\/02\/overhaul.png 800w, https:\/\/www.icarus-manteniment.com\/wp-content\/uploads\/2016\/02\/overhaul-300x75.png 300w, https:\/\/www.icarus-manteniment.com\/wp-content\/uploads\/2016\/02\/overhaul-768x192.png 768w\" sizes=\"(max-width: 800px) 100vw, 800px\" title=\"helicopter overhaul\" alt=\"helicopter overhaul\" \t\tclass=\"so-widget-image\"\/>\n\t\t\t<\/a><\/div>\n\n<\/div><\/div><\/div><div id=\"panel-gb1009-69fcb12fd60e3-1-1-1\" class=\"so-panel widget widget_sow-button panel-last-child\" data-index=\"6\" ><div\n\t\t\t\n\t\t\tclass=\"so-widget-sow-button so-widget-sow-button-flat-e115f8920d2f-1009\"\n\t\t\t\n\t\t><div class=\"ow-button-base ow-button-align-center\"\n>\n\t\t\t<a\n\t\t\t\t\thref=\"https:\/\/www.icarus-manteniment.com\/en\/aircraft-and-component-overhaul\/\"\n\t\t\t\t\tclass=\"sowb-button ow-icon-placement-left ow-button-hover\" \t>\n\t\t<span>\n\t\t\t\n\t\t\tOVERHAUL\t\t<\/span>\n\t\t\t<\/a>\n\t<\/div>\n<\/div><\/div><\/div><\/div><div id=\"pg-gb1009-69fcb12fd60e3-2\"  class=\"panel-grid panel-no-style\" ><div id=\"pgc-gb1009-69fcb12fd60e3-2-0\"  class=\"panel-grid-cell\" ><div id=\"panel-gb1009-69fcb12fd60e3-2-0-0\" class=\"so-panel widget widget_sow-editor panel-first-child panel-last-child\" data-index=\"7\" ><div\n\t\t\t\n\t\t\tclass=\"so-widget-sow-editor so-widget-sow-editor-base\"\n\t\t\t\n\t\t>\n<div class=\"siteorigin-widget-tinymce textwidget\">\n\t<hr \/>\n<h4>CONTACT US<\/h4>\n\n<div class=\"wpcf7 no-js\" id=\"wpcf7-f131-o1\" lang=\"es-ES\" dir=\"ltr\" data-wpcf7-id=\"131\">\n<div class=\"screen-reader-response\"><p role=\"status\" aria-live=\"polite\" aria-atomic=\"true\"><\/p> <ul><\/ul><\/div>\n<form action=\"\/en\/wp-json\/wp\/v2\/pages\/1009#wpcf7-f131-o1\" method=\"post\" class=\"wpcf7-form init\" aria-label=\"Contact Form\" enctype=\"multipart\/form-data\" novalidate=\"novalidate\" data-status=\"init\" data-trp-original-action=\"\/en\/wp-json\/wp\/v2\/pages\/1009#wpcf7-f131-o1\">\n<fieldset class=\"hidden-fields-container\"><input type=\"hidden\" name=\"_wpcf7\" value=\"131\" \/><input type=\"hidden\" name=\"_wpcf7_version\" value=\"6.1.5\" \/><input type=\"hidden\" name=\"_wpcf7_locale\" value=\"es_ES\" \/><input type=\"hidden\" name=\"_wpcf7_unit_tag\" value=\"wpcf7-f131-o1\" \/><input type=\"hidden\" name=\"_wpcf7_container_post\" value=\"0\" \/><input type=\"hidden\" name=\"_wpcf7_posted_data_hash\" value=\"\" \/><input type=\"hidden\" name=\"_wpcf7_recaptcha_response\" value=\"\" \/>\n<\/fieldset>\n<p>Name\n<\/p>\n<p><span class=\"wpcf7-form-control-wrap\" data-name=\"your-name\"><input size=\"40\" maxlength=\"400\" class=\"wpcf7-form-control wpcf7-text wpcf7-validates-as-required\" aria-required=\"true\" aria-invalid=\"false\" value=\"\" type=\"text\" name=\"your-name\" \/><\/span>\n<\/p>\n<p>Email\n<\/p>\n<p><span class=\"wpcf7-form-control-wrap\" data-name=\"your-email\"><input size=\"40\" maxlength=\"400\" class=\"wpcf7-form-control wpcf7-email wpcf7-validates-as-required wpcf7-text wpcf7-validates-as-email\" aria-required=\"true\" aria-invalid=\"false\" value=\"\" type=\"email\" name=\"your-email\" \/><\/span>\n<\/p>\n<p>Affair\n<\/p>\n<p><span class=\"wpcf7-form-control-wrap\" data-name=\"your-subject\"><input size=\"40\" maxlength=\"400\" class=\"wpcf7-form-control wpcf7-text wpcf7-validates-as-required\" aria-required=\"true\" aria-invalid=\"false\" value=\"\" type=\"text\" name=\"your-subject\" \/><\/span>\n<\/p>\n<p>Message\n<\/p>\n<p><span class=\"wpcf7-form-control-wrap\" data-name=\"your-message\"><textarea cols=\"40\" rows=\"10\" maxlength=\"2000\" class=\"wpcf7-form-control wpcf7-textarea wpcf7-validates-as-required\" aria-required=\"true\" aria-invalid=\"false\" name=\"your-message\"><\/textarea><\/span>\n<\/p>\n<p><span class=\"wpcf7-form-control-wrap\" data-name=\"file-781\"><input size=\"40\" class=\"wpcf7-form-control wpcf7-file\" accept=\".pdf,.jpg,.png\" aria-invalid=\"false\" type=\"file\" name=\"file-781\" \/><\/span><br \/>\n<i>*Accepted formats: pdf, jpg, png.<\/i>\n<\/p>\n<p><span class=\"wpcf7-form-control-wrap\" data-name=\"LeydeProteccindedatos\"><span class=\"wpcf7-form-control wpcf7-checkbox wpcf7-validates-as-required\"><span class=\"wpcf7-list-item first last\"><input type=\"checkbox\" name=\"LeydeProteccindedatos[]\" value=\"ACEPTO. Seg\u00fan lo establecido el 25 de mayo de 2018 en el Reglamento General de Protecci\u00f3n de Datos (RGPD), acepto la inclusi\u00f3n de mis datos (nombre, tel\u00e9fono y correo electr\u00f3nico) en un fichero del que es titular Icarus Mantenimenet, y que los mismos sean empleados para ofrecer los servicios en los que est\u00e9 interesado previo requerimiento suyo, a la vez que se utilizar\u00e1n para el env\u00edo de noticias y novedades de la empresa v\u00eda e-mail. Tambi\u00e9n le informamos de que su correo electr\u00f3nico y nombre nunca ser\u00e1n cedidos. Asimismo, declaro estar informado sobre los derechos de acceso rectificaci\u00f3n, cancelaci\u00f3n y oposici\u00f3n que podr\u00e9 ejercitar en el domicilio de Icarus Manteniment a ctra. de Ullastrell s\/n (Barcelona) o bien enviando un mensaje a la direcci\u00f3n de correo electr\u00f3nico info@icarus-manteniment.com.\" \/><span class=\"wpcf7-list-item-label\">I AGREE. As established on May 25, 2018 in the General Data Protection Regulation (GDPR), I accept the inclusion of my data (name, telephone number and email) in a file owned by Icarus Mantenimenet, and that they are employees to offer the services in which you are interested upon your request, at the same time that they will be used to send news and updates about the company via e-mail. We also inform you that your email and name will never be transferred. Likewise, I declare that I am informed about the rights of access, rectification, cancellation and opposition that I may exercise at the address of Icarus Manteniment a ctra. de Ullastrell s\/n (Barcelona) or by sending a message to the email address info@icarus-manteniment.com.<\/span><\/span><\/span><\/span><br \/>\n<div id=\"cf7sr-69fcb12fe7d09\" class=\"cf7sr-g-recaptcha\" data-theme=\"light\" data-type=\"image\" data-size=\"normal\" data-sitekey=\"6Lcs1IoUAAAAAEYGAVm1hXN3tP-sjEVdae_qh6cv\"><\/div><span class=\"wpcf7-form-control-wrap cf7sr-recaptcha\" data-name=\"cf7sr-recaptcha\"><input type=\"hidden\" name=\"cf7sr-recaptcha\" value=\"\" class=\"wpcf7-form-control\"><\/span>\n<\/p>\n<p><input class=\"wpcf7-form-control wpcf7-submit has-spinner\" type=\"submit\" value=\"Send\" \/>\n<\/p><div class=\"wpcf7-response-output\" aria-hidden=\"true\"><\/div>\n<input type=\"hidden\" name=\"trp-form-language\" value=\"en\"\/><\/form>\n<\/div>\n\n<\/div>\n<\/div><\/div><\/div><\/div><\/div>","protected":false},"excerpt":{"rendered":"<p>PURCHASE AND SALE OF HELICOPTERS At Icarus we take care of the purchase and sale of helicopters and carry out all the necessary procedures so that you do not have to worry about any management. We are specialized in advice, sales and after-sales service of helicopters. We cover the<\/p>","protected":false},"author":1,"featured_media":0,"parent":0,"menu_order":0,"comment_status":"closed","ping_status":"closed","template":"","meta":{"footnotes":""},"class_list":["post-1009","page","type-page","status-publish","hentry"],"_links":{"self":[{"href":"https:\/\/www.icarus-manteniment.com\/en\/wp-json\/wp\/v2\/pages\/1009","targetHints":{"allow":["GET"]}}],"collection":[{"href":"https:\/\/www.icarus-manteniment.com\/en\/wp-json\/wp\/v2\/pages"}],"about":[{"href":"https:\/\/www.icarus-manteniment.com\/en\/wp-json\/wp\/v2\/types\/page"}],"author":[{"embeddable":true,"href":"https:\/\/www.icarus-manteniment.com\/en\/wp-json\/wp\/v2\/users\/1"}],"replies":[{"embeddable":true,"href":"https:\/\/www.icarus-manteniment.com\/en\/wp-json\/wp\/v2\/comments?post=1009"}],"version-history":[{"count":14,"href":"https:\/\/www.icarus-manteniment.com\/en\/wp-json\/wp\/v2\/pages\/1009\/revisions"}],"predecessor-version":[{"id":1044,"href":"https:\/\/www.icarus-manteniment.com\/en\/wp-json\/wp\/v2\/pages\/1009\/revisions\/1044"}],"wp:attachment":[{"href":"https:\/\/www.icarus-manteniment.com\/en\/wp-json\/wp\/v2\/media?parent=1009"}],"curies":[{"name":"wp","href":"https:\/\/api.w.org\/{rel}","templated":true}]}}